{"id":1641,"date":"2016-03-03T22:46:10","date_gmt":"2016-03-03T21:46:10","guid":{"rendered":"http:\/\/ombongiovanni.it\/fr\/torneria-meccanica-di-precisione\/"},"modified":"2021-05-31T17:05:55","modified_gmt":"2021-05-31T15:05:55","slug":"cooperations","status":"publish","type":"page","link":"https:\/\/ombongiovanni.it\/fr\/cooperations\/","title":{"rendered":"Coop\u00e9rations"},"content":{"rendered":"","protected":false},"excerpt":{"rendered":"","protected":false},"author":1,"featured_media":0,"parent":0,"menu_order":20,"comment_status":"closed","ping_status":"closed","template":"template-collaborazioni.php","meta":{"_acf_changed":false,"footnotes":""},"class_list":["post-1641","page","type-page","status-publish","hentry"],"acf":[],"yoast_head":"<!-- This site is optimized with the Yoast SEO plugin v27.4 - https:\/\/yoast.com\/product\/yoast-seo-wordpress\/ -->\n<title>Coop\u00e9rations | O.M.B. Lecco<\/title>\n<meta name=\"description\" content=\"O.M.B. op\u00e8re dans le domaine de la m\u00e9canique de pr\u00e9cision et elle produit des pi\u00e8ces d\u00e9taill\u00e9es sur mesure r\u00e9alis\u00e9es par tournage, fraisage et rectification.\" \/>\n<meta name=\"robots\" content=\"index, follow, max-snippet:-1, max-image-preview:large, max-video-preview:-1\" \/>\n<link rel=\"canonical\" href=\"https:\/\/ombongiovanni.it\/fr\/cooperations\/\" \/>\n<meta property=\"og:locale\" content=\"fr_FR\" \/>\n<meta property=\"og:type\" content=\"article\" \/>\n<meta property=\"og:title\" content=\"Coop\u00e9rations | O.M.B. Lecco\" \/>\n<meta property=\"og:description\" content=\"O.M.B. op\u00e8re dans le domaine de la m\u00e9canique de pr\u00e9cision et elle produit des pi\u00e8ces d\u00e9taill\u00e9es sur mesure r\u00e9alis\u00e9es par tournage, fraisage et rectification.\" \/>\n<meta property=\"og:url\" content=\"https:\/\/ombongiovanni.it\/fr\/cooperations\/\" \/>\n<meta property=\"og:site_name\" content=\"OMB\" \/>\n<meta property=\"article:modified_time\" content=\"2021-05-31T15:05:55+00:00\" \/>\n<meta name=\"twitter:card\" content=\"summary_large_image\" \/>\n<script type=\"application\/ld+json\" class=\"yoast-schema-graph\">{\"@context\":\"https:\\\/\\\/schema.org\",\"@graph\":[{\"@type\":\"WebPage\",\"@id\":\"https:\\\/\\\/ombongiovanni.it\\\/fr\\\/cooperations\\\/\",\"url\":\"https:\\\/\\\/ombongiovanni.it\\\/fr\\\/cooperations\\\/\",\"name\":\"Coop\u00e9rations | O.M.B. Lecco\",\"isPartOf\":{\"@id\":\"https:\\\/\\\/ombongiovanni.it\\\/fr\\\/#website\"},\"datePublished\":\"2016-03-03T21:46:10+00:00\",\"dateModified\":\"2021-05-31T15:05:55+00:00\",\"description\":\"O.M.B. op\u00e8re dans le domaine de la m\u00e9canique de pr\u00e9cision et elle produit des pi\u00e8ces d\u00e9taill\u00e9es sur mesure r\u00e9alis\u00e9es par tournage, fraisage et rectification.\",\"breadcrumb\":{\"@id\":\"https:\\\/\\\/ombongiovanni.it\\\/fr\\\/cooperations\\\/#breadcrumb\"},\"inLanguage\":\"fr-FR\",\"potentialAction\":[{\"@type\":\"ReadAction\",\"target\":[\"https:\\\/\\\/ombongiovanni.it\\\/fr\\\/cooperations\\\/\"]}]},{\"@type\":\"BreadcrumbList\",\"@id\":\"https:\\\/\\\/ombongiovanni.it\\\/fr\\\/cooperations\\\/#breadcrumb\",\"itemListElement\":[{\"@type\":\"ListItem\",\"position\":1,\"name\":\"Home\",\"item\":\"https:\\\/\\\/ombongiovanni.it\\\/fr\\\/\"},{\"@type\":\"ListItem\",\"position\":2,\"name\":\"Coop\u00e9rations\"}]},{\"@type\":\"WebSite\",\"@id\":\"https:\\\/\\\/ombongiovanni.it\\\/fr\\\/#website\",\"url\":\"https:\\\/\\\/ombongiovanni.it\\\/fr\\\/\",\"name\":\"OMB\",\"description\":\"Officina Meccanica Bongiovanni\",\"potentialAction\":[{\"@type\":\"SearchAction\",\"target\":{\"@type\":\"EntryPoint\",\"urlTemplate\":\"https:\\\/\\\/ombongiovanni.it\\\/fr\\\/?s={search_term_string}\"},\"query-input\":{\"@type\":\"PropertyValueSpecification\",\"valueRequired\":true,\"valueName\":\"search_term_string\"}}],\"inLanguage\":\"fr-FR\"}]}<\/script>\n<!-- \/ Yoast SEO plugin. -->","yoast_head_json":{"title":"Coop\u00e9rations | O.M.B. Lecco","description":"O.M.B. op\u00e8re dans le domaine de la m\u00e9canique de pr\u00e9cision et elle produit des pi\u00e8ces d\u00e9taill\u00e9es sur mesure r\u00e9alis\u00e9es par tournage, fraisage et rectification.","robots":{"index":"index","follow":"follow","max-snippet":"max-snippet:-1","max-image-preview":"max-image-preview:large","max-video-preview":"max-video-preview:-1"},"canonical":"https:\/\/ombongiovanni.it\/fr\/cooperations\/","og_locale":"fr_FR","og_type":"article","og_title":"Coop\u00e9rations | O.M.B. Lecco","og_description":"O.M.B. op\u00e8re dans le domaine de la m\u00e9canique de pr\u00e9cision et elle produit des pi\u00e8ces d\u00e9taill\u00e9es sur mesure r\u00e9alis\u00e9es par tournage, fraisage et rectification.","og_url":"https:\/\/ombongiovanni.it\/fr\/cooperations\/","og_site_name":"OMB","article_modified_time":"2021-05-31T15:05:55+00:00","twitter_card":"summary_large_image","schema":{"@context":"https:\/\/schema.org","@graph":[{"@type":"WebPage","@id":"https:\/\/ombongiovanni.it\/fr\/cooperations\/","url":"https:\/\/ombongiovanni.it\/fr\/cooperations\/","name":"Coop\u00e9rations | O.M.B. Lecco","isPartOf":{"@id":"https:\/\/ombongiovanni.it\/fr\/#website"},"datePublished":"2016-03-03T21:46:10+00:00","dateModified":"2021-05-31T15:05:55+00:00","description":"O.M.B. op\u00e8re dans le domaine de la m\u00e9canique de pr\u00e9cision et elle produit des pi\u00e8ces d\u00e9taill\u00e9es sur mesure r\u00e9alis\u00e9es par tournage, fraisage et rectification.","breadcrumb":{"@id":"https:\/\/ombongiovanni.it\/fr\/cooperations\/#breadcrumb"},"inLanguage":"fr-FR","potentialAction":[{"@type":"ReadAction","target":["https:\/\/ombongiovanni.it\/fr\/cooperations\/"]}]},{"@type":"BreadcrumbList","@id":"https:\/\/ombongiovanni.it\/fr\/cooperations\/#breadcrumb","itemListElement":[{"@type":"ListItem","position":1,"name":"Home","item":"https:\/\/ombongiovanni.it\/fr\/"},{"@type":"ListItem","position":2,"name":"Coop\u00e9rations"}]},{"@type":"WebSite","@id":"https:\/\/ombongiovanni.it\/fr\/#website","url":"https:\/\/ombongiovanni.it\/fr\/","name":"OMB","description":"Officina Meccanica Bongiovanni","potentialAction":[{"@type":"SearchAction","target":{"@type":"EntryPoint","urlTemplate":"https:\/\/ombongiovanni.it\/fr\/?s={search_term_string}"},"query-input":{"@type":"PropertyValueSpecification","valueRequired":true,"valueName":"search_term_string"}}],"inLanguage":"fr-FR"}]}},"_links":{"self":[{"href":"https:\/\/ombongiovanni.it\/fr\/wp-json\/wp\/v2\/pages\/1641","targetHints":{"allow":["GET"]}}],"collection":[{"href":"https:\/\/ombongiovanni.it\/fr\/wp-json\/wp\/v2\/pages"}],"about":[{"href":"https:\/\/ombongiovanni.it\/fr\/wp-json\/wp\/v2\/types\/page"}],"author":[{"embeddable":true,"href":"https:\/\/ombongiovanni.it\/fr\/wp-json\/wp\/v2\/users\/1"}],"replies":[{"embeddable":true,"href":"https:\/\/ombongiovanni.it\/fr\/wp-json\/wp\/v2\/comments?post=1641"}],"version-history":[{"count":7,"href":"https:\/\/ombongiovanni.it\/fr\/wp-json\/wp\/v2\/pages\/1641\/revisions"}],"predecessor-version":[{"id":3181,"href":"https:\/\/ombongiovanni.it\/fr\/wp-json\/wp\/v2\/pages\/1641\/revisions\/3181"}],"wp:attachment":[{"href":"https:\/\/ombongiovanni.it\/fr\/wp-json\/wp\/v2\/media?parent=1641"}],"curies":[{"name":"wp","href":"https:\/\/api.w.org\/{rel}","templated":true}]}}